{"id":214,"date":"2024-07-23T14:41:53","date_gmt":"2024-07-23T11:41:53","guid":{"rendered":"https:\/\/www.training.psy-bizzare.com\/datenschutzbestimmungen\/"},"modified":"2024-07-24T12:25:08","modified_gmt":"2024-07-24T09:25:08","slug":"datenschutzbestimmungen","status":"publish","type":"page","link":"https:\/\/www.training.psy-bizzare.com\/de\/datenschutzbestimmungen\/","title":{"rendered":"Datenschutzbestimmungen"},"content":{"rendered":"<h2>Allgemeine Bestimmungen<\/h2>\n<p>  Diese Datenschutzrichtlinie gilt f\u00fcr alle Informationen, die auf der Schulungswebsite unter dem Domainnamen <a href=\"http:\/\/training.psy-bizzare.com\"><span style=\"color: #b42109;\">ausbildung.psy-bizzare.com<\/span><\/a> w\u00e4hrend der Nutzung der Website \u00fcber den Benutzer erhalten kann.  <\/p>\n<h2>Grundlegende Konzepte<\/h2>\n<ul>\n<li>Personenbezogene Daten &#8211; alle Informationen, die sich direkt oder indirekt auf eine bestimmte oder bestimmbare nat\u00fcrliche Person (Subjekt der personenbezogenen Daten) beziehen.<\/li>\n<li>Verarbeitung personenbezogener Daten &#8211; jede Handlung (Vorgang) oder Reihe von Handlungen (Vorg\u00e4ngen), die mit oder ohne Hilfe automatisierter Verfahren mit personenbezogenen Daten durchgef\u00fchrt werden, einschlie\u00dflich des Erhebens, Aufzeichnens, Systematisierens, Akkumulierens, Speicherns, Kl\u00e4rens (Aktualisierens, \u00c4nderns), Extrahierens, Nutzens, \u00dcbertragens (Verbreitens, Bereitstellens, Zugreifens), Depersonalisierens, Sperrens, L\u00f6schens, Vernichtens personenbezogener Daten.<\/li>\n<\/ul>\n<h2>Zwecke der Verarbeitung personenbezogener Daten<\/h2>\n<p>  Wir verarbeiten nur personenbezogene Daten, die notwendig sind, um die von der Schulung angebotenen Dienstleistungen zu erbringen, um Anfragen und Antr\u00e4ge von Nutzern zu bearbeiten und um die Qualit\u00e4t der von der Schulung angebotenen Dienstleistungen zu verbessern.  <\/p>\n<h2>Rechtsgrundlage f\u00fcr die Verarbeitung personenbezogener Daten<\/h2>\n<p>  Die Verarbeitung der personenbezogenen Daten des Benutzers erfolgt in \u00dcbereinstimmung mit den Gesetzen der Ukraine.<br \/>\nWir verarbeiten die personenbezogenen Daten des Benutzers nur, wenn sie vom Benutzer \u00fcber spezielle Formulare auf der Website ausgef\u00fcllt und\/oder gesendet werden. <a href=\"http:\/\/training.psy-bizzare.com\"><span style=\"color: #b42109;\">ausbildung.psy-bizzare.com<\/span><\/a> Durch das Ausf\u00fcllen der entsprechenden Formulare und\/oder die \u00dcbermittlung seiner pers\u00f6nlichen Daten an die Website erkl\u00e4rt der Nutzer sein Einverst\u00e4ndnis mit dieser Richtlinie.   <\/p>\n<h2>Rechtsgrundlage f\u00fcr die Verarbeitung personenbezogener Daten<\/h2>\n<p>  Die Verarbeitung personenbezogener Daten erfolgt auf der Grundlage der Prinzipien:  <\/p>\n<ul>\n<li>Rechtm\u00e4\u00dfigkeit der Zwecke und Methoden der Verarbeitung personenbezogener Daten und Treu und Glauben;<\/li>\n<li>die \u00dcbereinstimmung der Zwecke der Verarbeitung personenbezogener Daten mit den Zwecken, die zum Zeitpunkt der Erhebung personenbezogener Daten festgelegt und erkl\u00e4rt wurden;<\/li>\n<li>die \u00dcbereinstimmung von Umfang und Art der verarbeiteten personenbezogenen Daten mit den Methoden der Verarbeitung personenbezogener Daten und den Verarbeitungszwecken;<\/li>\n<li>Unzul\u00e4ssigkeit der Verarbeitung personenbezogener Daten, die nicht mit den Zwecken der Erhebung personenbezogener Daten vereinbar ist;<\/li>\n<li>Unzul\u00e4ssigkeit der Zusammenf\u00fchrung von Datenbanken mit personenbezogenen Daten, die zu unvereinbaren Zwecken verarbeitet werden.<\/li>\n<\/ul>\n<h2>Bedingungen und Konditionen f\u00fcr die Bereitstellung pers\u00f6nlicher Daten<\/h2>\n<p>  Der Nutzer erkl\u00e4rt sich damit einverstanden, dass die Bereitstellung bestimmter Arten von personenbezogenen Daten f\u00fcr die Nutzung einiger Dienste der Website erforderlich sein kann.<br \/>\nWenn der Nutzer sich weigert, die erforderlichen personenbezogenen Daten anzugeben, kann der Zugang zu diesen Diensten eingeschr\u00e4nkt oder unm\u00f6glich sein.   <\/p>\n<h2>Verarbeitung und Schutz von pers\u00f6nlichen Daten<\/h2>\n<p>  Wir treffen alle notwendigen organisatorischen und technischen Ma\u00dfnahmen, um personenbezogene Daten vor unrechtm\u00e4\u00dfigem oder versehentlichem Zugriff, Zerst\u00f6rung, Ver\u00e4nderung, Sperrung, Vervielf\u00e4ltigung, Verbreitung und anderen unrechtm\u00e4\u00dfigen Handlungen Dritter zu sch\u00fctzen.  <\/p>\n<h2>Rechte der betroffenen Person in Bezug auf personenbezogene Daten<\/h2>\n<p>  Der Nutzer hat das Recht, Informationen \u00fcber seine personenbezogenen Daten zu erhalten, die das Training verarbeitet.<br \/>\nDer Nutzer hat das Recht, die Berichtigung, Sperrung oder Vernichtung seiner personenbezogenen Daten zu verlangen, wenn diese unvollst\u00e4ndig, veraltet, unrichtig, unrechtm\u00e4\u00dfig erlangt oder f\u00fcr den angegebenen Zweck der Verarbeitung nicht erforderlich sind.   <\/p>\n<h2>\u00c4ndern der Datenschutzbestimmungen<\/h2>\n<p>  Die Verwaltung der Website hat das Recht, diese Datenschutzrichtlinie ohne Zustimmung des Benutzers zu \u00e4ndern.<br \/>\nDie neue Version der Richtlinie tritt ab dem Zeitpunkt ihrer Ver\u00f6ffentlichung auf der Website in Kraft, sofern in der neuen Version der Datenschutzrichtlinie nichts anderes vorgesehen ist. <\/p>\n","protected":false},"excerpt":{"rendered":"<p>Allgemeine Bestimmungen Diese Datenschutzrichtlinie gilt f\u00fcr alle Informationen, die auf der Schulungswebsite unter dem Domainnamen ausbildung.psy-bizzare.com w\u00e4hrend der Nutzung der Website \u00fcber den Benutzer erhalten kann. Grundlegende Konzepte Personenbezogene Daten &#8211; alle Informationen, die sich direkt oder indirekt auf eine bestimmte oder bestimmbare nat\u00fcrliche Person (Subjekt der personenbezogenen Daten) beziehen. Verarbeitung personenbezogener Daten &#8211; jede [&hellip;]<\/p>\n","protected":false},"author":1,"featured_media":0,"parent":0,"menu_order":0,"comment_status":"closed","ping_status":"closed","template":"","meta":{"_acf_changed":false,"footnotes":""},"class_list":["post-214","page","type-page","status-publish","hentry"],"acf":[],"_links":{"self":[{"href":"https:\/\/www.training.psy-bizzare.com\/de\/wp-json\/wp\/v2\/pages\/214","targetHints":{"allow":["GET"]}}],"collection":[{"href":"https:\/\/www.training.psy-bizzare.com\/de\/wp-json\/wp\/v2\/pages"}],"about":[{"href":"https:\/\/www.training.psy-bizzare.com\/de\/wp-json\/wp\/v2\/types\/page"}],"author":[{"embeddable":true,"href":"https:\/\/www.training.psy-bizzare.com\/de\/wp-json\/wp\/v2\/users\/1"}],"replies":[{"embeddable":true,"href":"https:\/\/www.training.psy-bizzare.com\/de\/wp-json\/wp\/v2\/comments?post=214"}],"version-history":[{"count":0,"href":"https:\/\/www.training.psy-bizzare.com\/de\/wp-json\/wp\/v2\/pages\/214\/revisions"}],"wp:attachment":[{"href":"https:\/\/www.training.psy-bizzare.com\/de\/wp-json\/wp\/v2\/media?parent=214"}],"curies":[{"name":"wp","href":"https:\/\/api.w.org\/{rel}","templated":true}]}}